{"id":3,"date":"2022-03-29T15:49:16","date_gmt":"2022-03-29T15:49:16","guid":{"rendered":"https:\/\/genuineromanart.com\/wp_schema31\/?page_id=3"},"modified":"2022-04-11T06:00:43","modified_gmt":"2022-04-11T06:00:43","slug":"privacy-policy","status":"publish","type":"page","link":"https:\/\/www.schema31.it\/home\/privacy-policy\/","title":{"rendered":"Privacy Policy"},"content":{"rendered":"<p style=\"text-align: justify;\"><strong>PREMESSA<\/strong><\/p>\n<p style=\"text-align: justify;\">Gentile Utente,<\/p>\n<p style=\"text-align: justify;\">la presente Privacy Policy ti viene fornita ai sensi dell\u2019art. 13 del Regolamento 2016\/679\/UE \u2013 <em>relativo alla protezione delle persone fisiche con riguardo al trattamento dei dati personali, nonch\u00e9 alla libera circolazione di tali dati <\/em>(di seguito, anche, \u201cil Regolamento\u201d o \u201cGDPR\u201d).<\/p>\n<p style=\"text-align: justify;\">All\u2019interno della presente Privacy Policy troverai le informazioni relative al trattamento dei tuoi dati personali, conseguenti alla navigazione all\u2019interno degli spazi web ed alla fruizione dei servizi messi a tua disposizione per il tramite del sito internet.<\/p>\n<p style=\"text-align: justify;\">Ti verranno fornite informative specifiche e\/o integrative sul trattamento dei tuoi dati personali in ogni occasione in cui li raccoglieremo, nella tua interazione con il sito o in virt\u00f9 di rapporti contrattuali instaurati con la nostra Societ\u00e0; puoi consultarle tutte in ogni momento cliccando sui link presenti nell\u2019apposita sezione \u201c<u>Informative<\/u>\u201d in fondo a questa pagina.<\/p>\n<p style=\"text-align: justify;\"><em>Attenzione: la presente Privacy Policy non riguarda i servizi web forniti da terze parti, eventualmente da te fruiti o consultati e raggiunti tramite collegamento ipertestuale (\u201clink\u201d). Al riguardo, ti invitiamo a consultare le informative privacy e le privacy policy fornite dalle suddette terze parti nelle apposite sedi. <\/em><\/p>\n<p style=\"text-align: justify;\"><strong>DEFINIZIONI<\/strong><\/p>\n<p style=\"text-align: justify;\"><strong>Normativa Privacy: <\/strong>Il GDPR, il Codice Privacy, i Provvedimenti del Garante e in generale tutta la normativa in materia di protezione delle persone fisiche con riguardo al trattamento di Dati Personali.<\/p>\n<p style=\"text-align: justify;\"><strong>GDPR o Regolamento: <\/strong>Regolamento dell\u2019Unione Europea 2016\/679 del 27 aprile 2016 relativo alla protezione delle persone fisiche con riguardo al trattamento dei dati personali (Regolamento Generale sulla Protezione dei Dati)<\/p>\n<p style=\"text-align: justify;\"><strong>Dato Personale: <\/strong>Qualsiasi informazione riguardante una persona fisica identificata o identificabile. Sono da intendere tali, oltre i dati forniti dall\u2019Utente per il tramite di eventuali moduli o form all\u2019interno delle singole aree dei Servizi Web, anche i dati relativi alla sua navigazione<\/p>\n<p style=\"text-align: justify;\"><strong>Interessato o soggetto interessato: <\/strong>La persona fisica identificata o identificabile cui si riferiscono i Dati Personali.<\/p>\n<p style=\"text-align: justify;\"><strong>Dati di navigazione: <\/strong>I sistemi informatici e le procedure software preposte al funzionamento dei Servizi Web acquisiscono, nel corso del loro normale funzionamento, alcuni dati la cui trasmissione \u00e8 implicita nell\u2019uso dei protocolli di comunicazione di Internet. Si tratta di informazioni che non sono raccolte per essere associate a interessati identificati, ma che per loro stessa natura potrebbero permettere, attraverso elaborazioni ed associazioni con dati detenuti da terzi, di identificare gli utenti. Tuttavia, se la sessione di navigazione avviene previo accesso all\u2019Area Riservata (c.d. <em>log in<\/em>), i dati raccolti sono associati all\u2019account personale dell\u2019Utente.<\/p>\n<p style=\"text-align: justify;\">I dati di navigazione comprendono:<\/p>\n<ul style=\"text-align: justify;\">\n<li>gli indirizzi IP o i nomi a dominio dei computer utilizzati dagli utenti che si connettono al sito;<\/li>\n<li>gli indirizzi in notazione URI (<em>Uniform Resource Identifier<\/em>) delle risorse richieste;<\/li>\n<li>l\u2019orario della richiesta;<\/li>\n<li>il metodo utilizzato nel sottoporre la richiesta al server;<\/li>\n<li>la dimensione del file ottenuto in risposta;<\/li>\n<li>il codice numerico indicante lo stato della risposta data dal server (buon fine, errore, ecc.);<\/li>\n<li>altri parametri relativi al sistema operativo e all\u2019ambiente informatico dell\u2019Utente.<\/li>\n<\/ul>\n<p style=\"text-align: justify;\"><strong>Dati forniti dall\u2019Utente: <\/strong>Sono i dati che l\u2019Utente trasmette volontariamente e consapevolmente tramite l\u2019invio di comunicazioni (ad es., attraverso la posta elettronica, agli indirizzi presenti all\u2019interno del dominio web) o attraverso la compilazione di appositi form, qualora presenti all\u2019interno degli spazi forniti dai Servizi.<\/p>\n<p style=\"text-align: justify;\">I Dati forniti dall\u2019Utente sono solo quelli strettamente necessari alle finalit\u00e0 di volta in volta perseguite dai Servizi (per indicazioni puntuali riguardanti le categorie di dati di volta in volta raccolti, si rinvia alle singole informative privacy di riferimento). In via esemplificativa, possono essere tali i dati:<\/p>\n<ul style=\"text-align: justify;\">\n<li>anagrafici;<\/li>\n<li>riguardanti gli estremi di contatto (ad es., indirizzo di posta elettronica);<\/li>\n<li>riferibili alla posizione contrattuale dell\u2019Utente-Cliente;<\/li>\n<li>di geolocalizzazione (qualora l\u2019Utente abbia espresso un consenso alla raccolta dei dati relativi alla sua ubicazione);<\/li>\n<li>riguardanti la fruizione dei singoli Servizi messi a disposizione dell\u2019Utente;<\/li>\n<li>riguardanti fatti e vicende esposte dall\u2019Utente all\u2019interno dei propri messaggi <em>(al riguardo, e per una sua maggior tutela, si invita l\u2019Utente a non fornire informazioni non strettamente pertinenti con l\u2019oggetto della richiesta e la natura dei Servizi forniti dalla Societ\u00e0)<\/em>.<\/li>\n<\/ul>\n<p style=\"text-align: justify;\"><strong>Titolare del trattamento o il Titolare: <\/strong>Il soggetto che decide in ordine a finalit\u00e0 e modalit\u00e0 del trattamento dei Dati Personali. In riferimento ai Servizi Web, \u00e8 Schema31 Spa, del quale trovi i riferimenti in calce ad ogni pagina.<\/p>\n<p style=\"text-align: justify;\"><strong>Servizi o Servizi Web: <\/strong>I servizi erogati tramite la rete internet, fruiti tramite il sito web e\/o eventuali APP.<\/p>\n<p style=\"text-align: justify;\"><strong>Utente: <\/strong>Il soggetto interessato (persona fisica) che naviga, consulta, accede o fruisce dei Servizi Web.<\/p>\n<p style=\"text-align: justify;\"><strong>DPO: <\/strong>Il <em>Data Protection Officer<\/em> o Responsabile per la protezione dei dati. L\u2019Utente interessato pu\u00f2 richiedere chiarimenti in merito al trattamento dei Dati Personali o esercitare i propri diritti rivolgendosi al DPO, nei modi e nelle forme indicate nella sezione \u201cCome esercitare i diritti e\/o richiedere informazioni sul trattamento\u201d.<\/p>\n<p style=\"text-align: justify;\"><strong>Garante Privacy: <\/strong>Il Garante per la protezione dei dati personali, ovvero l\u2019Autorit\u00e0 di Controllo nazionale italiana in materia di protezione dei dati personali. Consulta il sito web del Garante Privacy.<\/p>\n<p style=\"text-align: justify;\"><strong>Cookies: <\/strong>I\u00a0cookie\u00a0sono informazioni registrate sul tuo dispositivo (ad es., all\u2019interno della memoria del tuo browser) quando visiti un sito\u00a0web\u00a0o utilizzi un\u2019applicazione web.<\/p>\n<p style=\"text-align: justify;\">Ogni\u00a0cookie\u00a0pu\u00f2 contenere diversi dati, come, ad esempio, il nome del\u00a0server\u00a0da cui proviene, un identificatore numerico, ecc.<\/p>\n<p style=\"text-align: justify;\">Consulta la <a href=\"https:\/\/www.schema31.it\/home\/cookie-policy\/\" target=\"_blank\" rel=\"noopener\"><u>Cookie Policy<\/u> <\/a>per maggiori informazioni.<\/p>\n<p style=\"text-align: justify;\"><strong>INFORMATIVA SUL TRATTAMENTO DEI DATI PERSONALI DELL\u2019UTENTE<\/strong><\/p>\n<p style=\"text-align: justify;\">Ti forniamo di seguito le informazioni utili riguardanti i trattamenti dei Dati Personali svolti per il tramite dei Servizi Web.<\/p>\n<p style=\"text-align: justify;\">In particolare, vogliamo informarti:<\/p>\n<ul style=\"text-align: justify;\">\n<li>degli estremi di identificazione e di contatto del Titolare del trattamento;<\/li>\n<li>degli estremi di contatto del Responsabile per la protezione dei dati (DPO);<\/li>\n<li>delle categorie di Dati Personali trattati attraverso i Servizi Web;<\/li>\n<li>delle finalit\u00e0 per cui tali Dati Personali sono di volta in volta trattati;<\/li>\n<li>dei presupposti che legittimano il trattamento dei suddetti dati (cosiddette basi giuridiche);<\/li>\n<li>della durata della loro conservazione, sempre strettamente necessario al perseguimento delle finalit\u00e0 dichiarate;<\/li>\n<li>delle categorie di destinatari della comunicazione dei dati.<\/li>\n<\/ul>\n<table>\n<tbody>\n<tr>\n<td><strong>Titolare del trattamento<\/strong><\/td>\n<td><strong>Sede legale<\/strong><\/td>\n<\/tr>\n<tr>\n<td>Schema31 Spa<\/td>\n<td>Via G.A. Badoero, 67<br \/>\n00154 Roma<\/td>\n<\/tr>\n<\/tbody>\n<\/table>\n<p style=\"text-align: justify;\"><strong>Categorie di Dati Personali, finalit\u00e0 e basi giuridiche del trattamento e termini di conservazione<\/strong><\/p>\n<table>\n<tbody>\n<tr>\n<td style=\"text-align: left;\"><strong>Categorie di <\/strong><br \/>\n<strong>Dati Personali<\/strong><\/td>\n<td><strong>Finalit\u00e0 del <\/strong><br \/>\n<strong>trattamento<\/strong><\/td>\n<td><strong>Basi giuridiche<\/strong><\/td>\n<td><strong>Termini di conservazione dei dati<\/strong><\/td>\n<\/tr>\n<tr>\n<td>Dati di navigazione<\/td>\n<td>Consentire la navigazione web e l\u2019erogazione dei Servizi<\/td>\n<td>Necessit\u00e0 di dare esecuzione ad un contratto di cui l\u2019interessato \u00e8 parte o per erogare un servizio a richiesta dello stesso<\/td>\n<td>Per la durata della navigazione all\u2019interno dei servizi<\/td>\n<\/tr>\n<tr>\n<td>Ricavare informazioni statistiche anonime sull\u2019uso dei Servizi Web, al solo fine di controllarne il corretto funzionamento<\/td>\n<td>Legittimo interesse della Societ\u00e0<\/td>\n<td>I dati raccolti sono aggregati e resi non pi\u00f9 riconducibili alla singola utenza che ha effettuato la navigazione<\/td>\n<td><\/td>\n<\/tr>\n<tr>\n<td>Per garantire la sicurezza ed il corretto funzionamento dei Servizi Web, nonch\u00e9 per l\u2019accertamento di responsabilit\u00e0, in caso di ipotetici reati, ed al fine di tutelare conseguentemente i nostri diritti<\/td>\n<td>Legittimo interesse della Societ\u00e0<\/td>\n<td>15 giorni e successivamente per il tempo strettamente necessario all\u2019eventuale svolgimento delle indagini, alla definizione degli eventuali contenziosi e, in generale, alla tutela dei nostri diritti<\/td>\n<td><\/td>\n<\/tr>\n<tr>\n<td>Dati forniti dall\u2019Utente: erogazione dei Servizi Web<\/td>\n<td>\u00a0 Compilazione del modulo di adesione on-line<\/td>\n<td>Necessit\u00e0 di dare esecuzione ad un contratto di cui l\u2019Interessato \u00e8 parte<\/td>\n<td>Due mesi solari precedenti alla raccolta dei dati<\/td>\n<\/tr>\n<\/tbody>\n<\/table>\n<p style=\"text-align: justify;\">Il conferimento dei tuoi Dati Personali \u00e8 libero e facoltativo. Ti ricordiamo, tuttavia, che, per il perseguimento di talune finalit\u00e0 (per fornirti gli opportuni riscontri richiesti, per l\u2019iscrizione all\u2019Area Riservata o per l\u2019erogazione di singoli Servizi) \u00e8 indispensabile; qualora non conferiti, in tali casi, potrebbe non essere possibile procedere col perseguimento delle suddette finalit\u00e0.<\/p>\n<p style=\"text-align: justify;\">Ti invitiamo, comunque, a consultare le singole informative sul trattamento dei dati per maggiori dettagli.<\/p>\n<p style=\"text-align: justify;\"><strong>Modalit\u00e0 del trattamento e destinatari della comunicazione dei dati<\/strong><\/p>\n<p style=\"text-align: justify;\">I dati di cui sopra non saranno soggetti a diffusione e potranno essere conosciuti da collaboratori della nostra Societ\u00e0 specificatamente autorizzati a trattarli. Operazioni di trattamento potranno essere svolte da soggetti esterni cui affidiamo lo svolgimento di attivit\u00e0 per nostro conto, e con cui stipuliamo appositi accordi finalizzati a disciplinare il trattamento dei dati.<\/p>\n<p style=\"text-align: justify;\">I dati potranno, infine, essere comunicati dietro espressa richiesta ad autorit\u00e0 pubbliche o forze dell\u2019ordine.<\/p>\n<p style=\"text-align: justify;\">Il trattamento dei Dati Personali avviene sempre previa adozione di misure di sicurezza idonee a garantire la riservatezza, la disponibilit\u00e0 e l\u2019integrit\u00e0 dei dati stessi.<\/p>\n<p style=\"text-align: justify;\"><strong>COOKIES<\/strong><\/p>\n<p style=\"text-align: justify;\">I Servizi Web possono utilizzare cookie tecnici, analitici e di profilazione, sia di prima che di terze parti.<\/p>\n<p style=\"text-align: justify;\">I cookie sono indispensabili al miglioramento dei Servizi e per fornire prodotti sempre in linea con le preferenze degli Utenti.<\/p>\n<p style=\"text-align: justify;\">L\u2019eventuale utilizzo di cookie di profilazione e\/o di terze parti sar\u00e0 sempre subordinato al rilascio del tuo preventivo consenso.<\/p>\n<p style=\"text-align: justify;\">Per saperne di pi\u00f9, clicca <u>qui<\/u>.<\/p>\n<p style=\"text-align: justify;\"><strong>DIRITTI DELL\u2019UTENTE (IN QUALIT\u00c0 DI INTERESSATO)<\/strong><\/p>\n<p style=\"text-align: justify;\">La Normativa Privacy (artt. 15-22 del Regolamento) garantisce all\u2019Utente, in qualit\u00e0 di Interessato, il diritto di accedere ai dati che lo riguardano, nonch\u00e9 di ottenerne la rettifica e\/o l\u2019integrazione, la cancellazione o la portabilit\u00e0. La Normativa Privacy attribuisce altres\u00ec all\u2019Utente il diritto di richiedere la limitazione del trattamento dei dati e di opporsi al trattamento, oltre la possibilit\u00e0 di revocare il consenso eventualmente prestato (la revoca non pregiudica la liceit\u00e0 del trattamento svolto sino a quel momento).<\/p>\n<table>\n<tbody>\n<tr>\n<td style=\"text-align: left;\"><strong>Diritti<\/strong><\/td>\n<td><strong>In cosa consiste?<\/strong><\/td>\n<td><strong>Presupposti per l\u2019esercizio<\/strong><\/td>\n<\/tr>\n<tr>\n<td><strong>Accesso ai dati<\/strong><\/td>\n<td>L\u2019Utente pu\u00f2 richiedere al Titolare del trattamento: la conferma che stia trattando dati che lo riguardano; copia dei dati che lo riguardano; informazioni riguardanti il trattamento dei dati (es., basi giuridiche, termini di conservazione, categorie di destinatari dei dati, ecc.)<\/td>\n<td>L\u2019Utente pu\u00f2 presentare sempre tale richiesta<\/td>\n<\/tr>\n<tr>\n<td><strong>Rettifica o integrazione dei dati<\/strong><\/td>\n<td>L\u2019Utente pu\u00f2 richiedere al Titolare del trattamento di: rettificare aggiornare e modificare i Dati Personali trattati<\/td>\n<td>Qualora i dati trattati risultino inesatti o incompleti<\/td>\n<\/tr>\n<tr>\n<td><strong>Cancellazione dei dati<\/strong><\/td>\n<td>L\u2019Utente pu\u00f2 richiedere al Titolare del trattamento di cancellare i Dati Personali che sta trattando<\/td>\n<td>i Dati Personali non sono pi\u00f9 necessari rispetto alle finalit\u00e0 per le quali sono stati raccolti o altrimenti trattati;l\u2019Utente revoca il consenso su cui si basa il trattamento, e se non sussiste altro fondamento giuridico per il trattamento;l\u2019Utente si oppone al trattamento ai sensi dell\u2019art. 21 e non sussiste alcun motivo legittimo prevalente per procedere al trattamento;i Dati Personali sono stati trattati illecitamente; i Dati Personali devono essere cancellati per adempiere un obbligo legale previsto dal diritto dell\u2019Unione o dello Stato membro cui \u00e8 soggetto il titolare del trattamento<\/td>\n<\/tr>\n<tr>\n<td><strong>Limitazione del trattamento dei Dati Personali<\/strong><\/td>\n<td>L\u2019Utente pu\u00f2 richiedere al Titolare che questi non svolga, ad accezione della sola conservazione, alcuna operazione di trattamento sui suoi Dati Personali, se non col consenso dell\u2019Utente o per tutelare i propri diritti<\/td>\n<td>l\u2019Utente contesta l\u2019esattezza dei Dati Personali, per il periodo necessario al titolare del trattamento per verificare l\u2019esattezza di tali Dati Personali; il trattamento \u00e8 illecito e l\u2019interessato si oppone alla cancellazione dei Dati Personali e chiede invece che ne sia limitato l\u2019utilizzo;bench\u00e9 il titolare del trattamento non ne abbia pi\u00f9 bisogno ai fini del trattamento, i Dati Personali sono necessari all\u2019interessato per l\u2019accertamento, l\u2019esercizio o la difesa di un diritto in sede giudiziaria; l\u2019Utente si \u00e8 opposto al trattamento, in attesa della verifica in merito all\u2019eventuale prevalenza dei motivi legittimi del titolare del trattamento rispetto a quelli dell\u2019interessato<\/td>\n<\/tr>\n<tr>\n<td><strong>Opposizione al trattamento dei Dati Personali<\/strong><\/td>\n<td>L\u2019Utente pu\u00f2 opporsi a trattamenti basati sul legittimo interesse (compreso l\u2019invio di comunicazione promozionali) o su di un interesse pubblico<\/td>\n<td>Occorre sussistano motivi connessi alla situazione particolare dell\u2019Utente, tranne se l\u2019opposizione \u00e8 al trattamento per finalit\u00e0 di marketing diretto<\/td>\n<\/tr>\n<tr>\n<td><strong>Opposizione ad un processo decisionale automatizzato<\/strong><\/td>\n<td>L\u2019Utente pu\u00f2 opporsi a processi decisionali automatizzati. Nel caso tale processo sia necessario alla conclusione di un contratto, si basi su di un consenso esplicito, sia autorizzato da legge o regolamento dello Stato o dell\u2019Unione Europea, l\u2019Utente ha il diritto di ottenere l\u2019intervento umano da parte del titolare del trattamento, di esprimere la propria opinione e di contestare la decisione<\/td>\n<td>Sussista una decisione basata unicamente sul trattamento automatizzato, compresa la profilazione, che produca effetti giuridici che lo riguardano o che incida in modo analogo significativamente sulla persona dell\u2019Utente<\/td>\n<\/tr>\n<tr>\n<td><strong>Portabilit\u00e0 dei Dati Personali<\/strong><\/td>\n<td>L\u2019Utente ha il diritto di ricevere in un formato strutturato, di uso comune e leggibile da dispositivo automatico i Dati personali che lo riguardano<\/td>\n<td>Purch\u00e9 sussistano tutti i seguenti presupposti: i dati siano stati forniti dall\u2019Utente;il trattamento si basi sul consenso o su un contratto; il trattamento sia effettuato con mezzi automatizzati<\/td>\n<\/tr>\n<tr>\n<td><strong>Revoca del consenso<\/strong><\/td>\n<td>L\u2019Utente pu\u00f2 revocare il consenso prestato. La revoca non pregiudica la liceit\u00e0 del trattamento svolto sino a quel momento<\/td>\n<td>Sempre<\/td>\n<\/tr>\n<\/tbody>\n<\/table>\n<p style=\"text-align: justify;\"><strong>COME ESERCITARE I DIRITTI E\/O RICHIEDERE INFORMAZIONI SUL TRATTAMENTO<\/strong><\/p>\n<p style=\"text-align: justify;\">Il \u201cResponsabile per la protezione dei dati\u201d \u00e8 a disposizione per ogni eventuale dubbio o chiarimento, per l\u2019esercizio dei diritti degli Interessati e per fornire l\u2019elenco aggiornato delle categorie dei destinatari dei dati.<\/p>\n<table>\n<tbody>\n<tr>\n<td>Responsabile per la protezione dei dati<\/td>\n<td>privacy@schema31.it<\/td>\n<\/tr>\n<\/tbody>\n<\/table>\n<p style=\"text-align: justify;\">Resta ferma la tua facolt\u00e0 di rivolgerti al <a href=\"https:\/\/www.garanteprivacy.it\/\">Garante Privacy<\/a> anche tramite un reclamo, ove ritenuto necessario per la tutela dei tuoi Dati Personali e dei tuoi diritti in materia.<\/p>\n<p style=\"text-align: justify;\"><strong>Garante Privacy<\/strong><\/p>\n<p style=\"text-align: justify;\"><a href=\"https:\/\/www.garanteprivacy.it\">Sito istituzionale Garante Privacy<\/a><\/p>\n","protected":false},"excerpt":{"rendered":"<p>PREMESSA Gentile Utente, la presente Privacy Policy ti viene fornita ai sensi dell\u2019art. 13 del Regolamento 2016\/679\/UE \u2013 relativo alla protezione delle persone fisiche con riguardo al trattamento dei dati [&hellip;]<\/p>\n","protected":false},"author":5,"featured_media":0,"parent":0,"menu_order":0,"comment_status":"closed","ping_status":"closed","template":"","meta":{"footnotes":""},"class_list":["post-3","page","type-page","status-publish","hentry"],"acf":[],"_links":{"self":[{"href":"https:\/\/www.schema31.it\/home\/wp-json\/wp\/v2\/pages\/3","targetHints":{"allow":["GET"]}}],"collection":[{"href":"https:\/\/www.schema31.it\/home\/wp-json\/wp\/v2\/pages"}],"about":[{"href":"https:\/\/www.schema31.it\/home\/wp-json\/wp\/v2\/types\/page"}],"author":[{"embeddable":true,"href":"https:\/\/www.schema31.it\/home\/wp-json\/wp\/v2\/users\/5"}],"replies":[{"embeddable":true,"href":"https:\/\/www.schema31.it\/home\/wp-json\/wp\/v2\/comments?post=3"}],"version-history":[{"count":6,"href":"https:\/\/www.schema31.it\/home\/wp-json\/wp\/v2\/pages\/3\/revisions"}],"predecessor-version":[{"id":5020,"href":"https:\/\/www.schema31.it\/home\/wp-json\/wp\/v2\/pages\/3\/revisions\/5020"}],"wp:attachment":[{"href":"https:\/\/www.schema31.it\/home\/wp-json\/wp\/v2\/media?parent=3"}],"curies":[{"name":"wp","href":"https:\/\/api.w.org\/{rel}","templated":true}]}}